{"id":9196,"date":"2023-07-11T14:56:32","date_gmt":"2023-07-11T14:56:32","guid":{"rendered":"https:\/\/murad-ev.de\/tr\/?page_id=9196"},"modified":"2023-07-11T14:58:35","modified_gmt":"2023-07-11T14:58:35","slug":"impressum","status":"publish","type":"page","link":"https:\/\/murad-ev.de\/tr\/impressum\/","title":{"rendered":"Impressum"},"content":{"rendered":"\t\t<div data-elementor-type=\"wp-page\" data-elementor-id=\"9196\" class=\"elementor elementor-9196\" data-elementor-post-type=\"page\">\n\t\t\t\t\t\t\t\t\t<section class=\"elementor-section elementor-top-section elementor-element elementor-element-4d7bcb3 elementor-section-stretched elementor-section-boxed elementor-section-height-default elementor-section-height-default\" data-id=\"4d7bcb3\" data-element_type=\"section\" data-settings=\"{&quot;stretch_section&quot;:&quot;section-stretched&quot;}\">\n\t\t\t\t\t\t<div class=\"elementor-container elementor-column-gap-default\">\n\t\t\t\t\t<div class=\"elementor-column elementor-col-100 elementor-top-column elementor-element elementor-element-355fd09\" data-id=\"355fd09\" data-element_type=\"column\">\n\t\t\t<div class=\"elementor-widget-wrap elementor-element-populated\">\n\t\t\t\t\t\t\t\t<div class=\"elementor-element elementor-element-47d81ec elementor-widget elementor-widget-text-editor\" data-id=\"47d81ec\" data-element_type=\"widget\" data-widget_type=\"text-editor.default\">\n\t\t\t\t<div class=\"elementor-widget-container\">\n\t\t\t\t\t\t\t<h5><span data-sheets-value=\"{&quot;1&quot;:2,&quot;2&quot;:&quot;MurAd Hilfsorganisation e.V.\\n\\nVorstand : S\u00fcheda Bing\u00f6l\\n\\nThorner Str. 17, \\n44649 Herne\\n\\nTel:  +49 (0) 2325 - 99 28 027\\nMob : +49 (0) 176 -22 33 58 10\\n\\ne-Mail: info[at]murad-ev.de\\n \\n\\nAmtsgericht Herne \u2013 VR 5246\\n\\nSteuernummer: 217\/5956\/2945\\n \\nBankverbindung:\\nSparkasse Herne\\nIBAN: DE29 4325 0030 0011 0361 75\\nBIC: WELADED1HRN\\n\\n\\n \\nRechtliche Hinweise:\\nDie auf dieser Webseite bereitgestellten Informationen werden durch MurAd Hilfsorganisation e.V. sorgf\u00e4ltig gepr\u00fcft und regelm\u00e4\u00dfig aktualisiert. Aus rechtlichen Gr\u00fcnden \u00fcbernimmt MurAd Hilfsorganisation e.V. keine Haftung oder Garantie f\u00fcr die Aktualit\u00e4t, Richtigkeit und Vollst\u00e4ndigkeit der zur Verf\u00fcgung gestellten Informationen und Software. Dies gilt auch f\u00fcr Inhalte von externen Internetangeboten, die von unserer Webseite erreichbar sind. Die Vervielf\u00e4ltigung von Informationen und Daten, insbesondere die Verwendung von Texten und Textteilen bedarf der ausdr\u00fccklichen Zustimmung des MurAd Hilfsorganisation e.V.\\nHaftungsausschluss: Wir \u00fcbernehmen keinerlei Verantwortung oder Haftung f\u00fcr die Angaben auf dieser Webseite. \u00a9Copyright der Seiten: MurAd Hilfsorganisation e.V.\\nDiese Website benutzt Cookies. Durch die weitere Nutzung der Webseite stimmen Sie der Verwendung von Cookies zu.  Unsere Datenschutzerkl\u00e4rung&quot;}\" data-sheets-userformat=\"{&quot;2&quot;:769,&quot;3&quot;:{&quot;1&quot;:0},&quot;11&quot;:4,&quot;12&quot;:0}\" data-sheets-textstyleruns=\"{&quot;1&quot;:0,&quot;2&quot;:{&quot;4&quot;:11,&quot;5&quot;:1}}\uee10{&quot;1&quot;:28}\uee10{&quot;1&quot;:327,&quot;2&quot;:{&quot;5&quot;:1}}\uee10{&quot;1&quot;:347}\">MurAd Hilfsorganisation e.V.<br \/><br \/><\/span><\/h5><p><span data-sheets-value=\"{&quot;1&quot;:2,&quot;2&quot;:&quot;MurAd Hilfsorganisation e.V.\\n\\nVorstand : S\u00fcheda Bing\u00f6l\\n\\nThorner Str. 17, \\n44649 Herne\\n\\nTel:  +49 (0) 2325 - 99 28 027\\nMob : +49 (0) 176 -22 33 58 10\\n\\ne-Mail: info[at]murad-ev.de\\n \\n\\nAmtsgericht Herne \u2013 VR 5246\\n\\nSteuernummer: 217\/5956\/2945\\n \\nBankverbindung:\\nSparkasse Herne\\nIBAN: DE29 4325 0030 0011 0361 75\\nBIC: WELADED1HRN\\n\\n\\n \\nRechtliche Hinweise:\\nDie auf dieser Webseite bereitgestellten Informationen werden durch MurAd Hilfsorganisation e.V. sorgf\u00e4ltig gepr\u00fcft und regelm\u00e4\u00dfig aktualisiert. Aus rechtlichen Gr\u00fcnden \u00fcbernimmt MurAd Hilfsorganisation e.V. keine Haftung oder Garantie f\u00fcr die Aktualit\u00e4t, Richtigkeit und Vollst\u00e4ndigkeit der zur Verf\u00fcgung gestellten Informationen und Software. Dies gilt auch f\u00fcr Inhalte von externen Internetangeboten, die von unserer Webseite erreichbar sind. Die Vervielf\u00e4ltigung von Informationen und Daten, insbesondere die Verwendung von Texten und Textteilen bedarf der ausdr\u00fccklichen Zustimmung des MurAd Hilfsorganisation e.V.\\nHaftungsausschluss: Wir \u00fcbernehmen keinerlei Verantwortung oder Haftung f\u00fcr die Angaben auf dieser Webseite. \u00a9Copyright der Seiten: MurAd Hilfsorganisation e.V.\\nDiese Website benutzt Cookies. Durch die weitere Nutzung der Webseite stimmen Sie der Verwendung von Cookies zu.  Unsere Datenschutzerkl\u00e4rung&quot;}\" data-sheets-userformat=\"{&quot;2&quot;:769,&quot;3&quot;:{&quot;1&quot;:0},&quot;11&quot;:4,&quot;12&quot;:0}\" data-sheets-textstyleruns=\"{&quot;1&quot;:0,&quot;2&quot;:{&quot;4&quot;:11,&quot;5&quot;:1}}\uee10{&quot;1&quot;:28}\uee10{&quot;1&quot;:327,&quot;2&quot;:{&quot;5&quot;:1}}\uee10{&quot;1&quot;:347}\">Vorstand : S\u00fcheda Bing\u00f6l<br \/><br \/>Thorner Str. 17, <br \/>44649 Herne<br \/><br \/>Tel: +49 (0) 2325 &#8211; 99 28 027<br \/>Mob : +49 (0) 176 -22 33 58 10<br \/><br \/>e-Mail: info[at]murad-ev.de<br \/><br \/>Amtsgericht Herne \u2013 VR 5246<br \/>Steuernummer: 217\/5956\/2945<br \/><br \/>Bankverbindung:<br \/>Sparkasse Herne<br \/>IBAN: DE29 4325 0030 0011 0361 75<br \/>BIC: WELADED1HRN<br \/><br \/><strong>Rechtliche Hinweise:<br \/><\/strong><br \/>Die auf dieser Webseite bereitgestellten Informationen werden durch MurAd Hilfsorganisation e.V. sorgf\u00e4ltig gepr\u00fcft und regelm\u00e4\u00dfig aktualisiert. Aus rechtlichen Gr\u00fcnden \u00fcbernimmt MurAd Hilfsorganisation e.V. keine Haftung oder Garantie f\u00fcr die Aktualit\u00e4t, Richtigkeit und Vollst\u00e4ndigkeit der zur Verf\u00fcgung gestellten Informationen und Software. Dies gilt auch f\u00fcr Inhalte von externen Internetangeboten, die von unserer Webseite erreichbar sind. Die Vervielf\u00e4ltigung von Informationen und Daten, insbesondere die Verwendung von Texten und Textteilen bedarf der ausdr\u00fccklichen Zustimmung des MurAd Hilfsorganisation e.V.<br \/><br \/>Haftungsausschluss: Wir \u00fcbernehmen keinerlei Verantwortung oder Haftung f\u00fcr die Angaben auf dieser Webseite. \u00a9Copyright der Seiten: MurAd Hilfsorganisation e.V.<br \/><br \/>Diese Website benutzt Cookies. Durch die weitere Nutzung der Webseite stimmen Sie der Verwendung von Cookies zu. Unsere Datenschutzerkl\u00e4rung<\/span><\/p>\t\t\t\t\t\t<\/div>\n\t\t\t\t<\/div>\n\t\t\t\t\t<\/div>\n\t\t<\/div>\n\t\t\t\t\t\t\t<\/div>\n\t\t<\/section>\n\t\t\t\t\t\t\t<\/div>\n\t\t","protected":false},"excerpt":{"rendered":"<p>MurAd Hilfsorganisation e.V. Vorstand : S\u00fcheda Bing\u00f6l Thorner Str. 17, 44649 Herne Tel: +49 (0) 2325 &#8211; 99 28 027Mob : +49 (0) 176 -22 33 58 10 e-Mail: info[at]murad-ev.de Amtsgericht Herne \u2013 VR 5246Steuernummer: 217\/5956\/2945 Bankverbindung:Sparkasse HerneIBAN: DE29 4325 0030 0011 0361 75BIC: WELADED1HRN Rechtliche Hinweise:Die auf dieser Webseite bereitgestellten Informationen werden durch MurAd [&hellip;]<\/p>\n","protected":false},"author":1,"featured_media":0,"parent":0,"menu_order":0,"comment_status":"closed","ping_status":"closed","template":"","meta":{"footnotes":""},"_links":{"self":[{"href":"https:\/\/murad-ev.de\/tr\/wp-json\/wp\/v2\/pages\/9196"}],"collection":[{"href":"https:\/\/murad-ev.de\/tr\/wp-json\/wp\/v2\/pages"}],"about":[{"href":"https:\/\/murad-ev.de\/tr\/wp-json\/wp\/v2\/types\/page"}],"author":[{"embeddable":true,"href":"https:\/\/murad-ev.de\/tr\/wp-json\/wp\/v2\/users\/1"}],"replies":[{"embeddable":true,"href":"https:\/\/murad-ev.de\/tr\/wp-json\/wp\/v2\/comments?post=9196"}],"version-history":[{"count":4,"href":"https:\/\/murad-ev.de\/tr\/wp-json\/wp\/v2\/pages\/9196\/revisions"}],"predecessor-version":[{"id":9203,"href":"https:\/\/murad-ev.de\/tr\/wp-json\/wp\/v2\/pages\/9196\/revisions\/9203"}],"wp:attachment":[{"href":"https:\/\/murad-ev.de\/tr\/wp-json\/wp\/v2\/media?parent=9196"}],"curies":[{"name":"wp","href":"https:\/\/api.w.org\/{rel}","templated":true}]}}