{"id":9031,"date":"2023-07-10T15:21:00","date_gmt":"2023-07-10T15:21:00","guid":{"rendered":"https:\/\/murad-ev.de\/tr\/?page_id=9031"},"modified":"2023-09-12T15:15:25","modified_gmt":"2023-09-12T15:15:25","slug":"bize-katilin","status":"publish","type":"page","link":"https:\/\/murad-ev.de\/tr\/bize-katilin\/","title":{"rendered":"Bize Kat\u0131l\u0131n"},"content":{"rendered":"\t\t<div data-elementor-type=\"wp-page\" data-elementor-id=\"9031\" class=\"elementor elementor-9031\" data-elementor-post-type=\"page\">\n\t\t\t\t\t\t\t\t\t<section class=\"elementor-section elementor-top-section elementor-element elementor-element-37c879d elementor-section-boxed elementor-section-height-default elementor-section-height-default\" data-id=\"37c879d\" data-element_type=\"section\" data-settings=\"{&quot;background_background&quot;:&quot;classic&quot;}\">\n\t\t\t\t\t\t<div class=\"elementor-container elementor-column-gap-default\">\n\t\t\t\t\t<div class=\"elementor-column elementor-col-50 elementor-top-column elementor-element elementor-element-3dce9fc\" data-id=\"3dce9fc\" data-element_type=\"column\">\n\t\t\t<div class=\"elementor-widget-wrap elementor-element-populated\">\n\t\t\t\t\t\t\t\t<div class=\"elementor-element elementor-element-a5f05d0 elementor-widget elementor-widget-heading\" data-id=\"a5f05d0\" data-element_type=\"widget\" data-widget_type=\"heading.default\">\n\t\t\t\t<div class=\"elementor-widget-container\">\n\t\t\t<h2 class=\"elementor-heading-title elementor-size-default\">G\u00f6n\u00fcll\u00fc Ol<\/h2>\t\t<\/div>\n\t\t\t\t<\/div>\n\t\t\t\t<div class=\"elementor-element elementor-element-170b062 elementor-widget elementor-widget-text-editor\" data-id=\"170b062\" data-element_type=\"widget\" data-widget_type=\"text-editor.default\">\n\t\t\t\t<div class=\"elementor-widget-container\">\n\t\t\t\t\t\t\t<p>G\u00f6n\u00fcll\u00fc ekibimizin y\u00fcr\u00fctt\u00fc\u011f\u00fc projelerde kat\u0131l\u0131mc\u0131 olabilir, sosyal sorumluluk projesine d\u00f6n\u00fc\u015fmesine katk\u0131 sa\u011flayabilirsiniz. G\u00f6n\u00fcll\u00fc olmak i\u00e7in bizimle form veya telefon, mail \u00fczerinden ileti\u015fime ge\u00e7ebilirsiniz.<\/p>\t\t\t\t\t\t<\/div>\n\t\t\t\t<\/div>\n\t\t\t\t<div class=\"elementor-element elementor-element-86f3bb9 elementor-align-left elementor-icon-list--layout-traditional elementor-list-item-link-full_width elementor-widget elementor-widget-icon-list\" data-id=\"86f3bb9\" data-element_type=\"widget\" data-widget_type=\"icon-list.default\">\n\t\t\t\t<div class=\"elementor-widget-container\">\n\t\t\t\t\t<ul class=\"elementor-icon-list-items\">\n\t\t\t\t\t\t\t<li class=\"elementor-icon-list-item\">\n\t\t\t\t\t\t\t\t\t\t\t<span class=\"elementor-icon-list-icon\">\n\t\t\t\t\t\t\t<i aria-hidden=\"true\" class=\"fas fa-phone-alt\"><\/i>\t\t\t\t\t\t<\/span>\n\t\t\t\t\t\t\t\t\t\t<span class=\"elementor-icon-list-text\">+49 2325 - 99 28 027<\/span>\n\t\t\t\t\t\t\t\t\t<\/li>\n\t\t\t\t\t\t\t\t<li class=\"elementor-icon-list-item\">\n\t\t\t\t\t\t\t\t\t\t\t<span class=\"elementor-icon-list-icon\">\n\t\t\t\t\t\t\t<i aria-hidden=\"true\" class=\"fas fa-phone-alt\"><\/i>\t\t\t\t\t\t<\/span>\n\t\t\t\t\t\t\t\t\t\t<span class=\"elementor-icon-list-text\">+49 176 - 22 33 58 10<\/span>\n\t\t\t\t\t\t\t\t\t<\/li>\n\t\t\t\t\t\t\t\t<li class=\"elementor-icon-list-item\">\n\t\t\t\t\t\t\t\t\t\t\t<span class=\"elementor-icon-list-icon\">\n\t\t\t\t\t\t\t<i aria-hidden=\"true\" class=\"far fa-envelope-open\"><\/i>\t\t\t\t\t\t<\/span>\n\t\t\t\t\t\t\t\t\t\t<span class=\"elementor-icon-list-text\">info@murad-ev.de<\/span>\n\t\t\t\t\t\t\t\t\t<\/li>\n\t\t\t\t\t\t<\/ul>\n\t\t\t\t<\/div>\n\t\t\t\t<\/div>\n\t\t\t\t\t<\/div>\n\t\t<\/div>\n\t\t\t\t<div class=\"elementor-column elementor-col-50 elementor-top-column elementor-element elementor-element-97bab90\" data-id=\"97bab90\" data-element_type=\"column\">\n\t\t\t<div class=\"elementor-widget-wrap elementor-element-populated\">\n\t\t\t\t\t\t\t\t<div class=\"elementor-element elementor-element-f9b2512 elementor-widget elementor-widget-shortcode\" data-id=\"f9b2512\" data-element_type=\"widget\" data-widget_type=\"shortcode.default\">\n\t\t\t\t<div class=\"elementor-widget-container\">\n\t\t\t\t\t<div class=\"elementor-shortcode\"><div id=\"quform-784e63\" class=\"quform quform-1 quform-theme-light quform-support-page-caching\"><form id=\"quform-form-784e63\" class=\"quform-form quform-form-1\" action=\"\/tr\/wp-json\/wp\/v2\/pages\/9031#quform-784e63\" method=\"post\" enctype=\"multipart\/form-data\" novalidate=\"novalidate\" data-options=\"{&quot;id&quot;:1,&quot;uniqueId&quot;:&quot;784e63&quot;,&quot;theme&quot;:&quot;light&quot;,&quot;ajax&quot;:true,&quot;logic&quot;:{&quot;logic&quot;:[],&quot;dependents&quot;:[],&quot;elementIds&quot;:[],&quot;dependentElementIds&quot;:[],&quot;animate&quot;:true},&quot;currentPageId&quot;:1,&quot;errorsIcon&quot;:&quot;&quot;,&quot;updateFancybox&quot;:true,&quot;hasPages&quot;:false,&quot;pages&quot;:[1],&quot;pageProgressType&quot;:&quot;numbers&quot;,&quot;tooltipsEnabled&quot;:true,&quot;tooltipClasses&quot;:&quot;qtip-quform-dark qtip-shadow&quot;,&quot;tooltipMy&quot;:&quot;left center&quot;,&quot;tooltipAt&quot;:&quot;right center&quot;,&quot;isRtl&quot;:false,&quot;scrollOffset&quot;:-50,&quot;scrollSpeed&quot;:800}\"><button class=\"quform-default-submit\" name=\"quform_submit\" type=\"submit\" value=\"submit\" aria-hidden=\"true\" tabindex=\"-1\"><\/button><div class=\"quform-form-inner quform-form-inner-1\"><input type=\"hidden\" name=\"quform_form_id\" value=\"1\" \/><input type=\"hidden\" name=\"quform_form_uid\" value=\"784e63\" \/><input type=\"hidden\" name=\"quform_count\" value=\"1\" \/><input type=\"hidden\" name=\"form_url\" value=\"https:\/\/murad-ev.de\/tr\/wp-json\/wp\/v2\/pages\/9031\" \/><input type=\"hidden\" name=\"referring_url\" value=\"\" \/><input type=\"hidden\" name=\"post_id\" value=\"\" \/><input type=\"hidden\" name=\"post_title\" value=\"\" \/><input type=\"hidden\" name=\"quform_current_page_id\" value=\"1\" \/><input type=\"hidden\" name=\"quform_csrf_token\" value=\"xzbQOSRb25Ur9H9KSfIwx2h7ETVjwvJi5fcx5QTi\" \/><div class=\"quform-elements quform-elements-1 quform-cf quform-responsive-elements-phone-landscape\"><div class=\"quform-element quform-element-page quform-page-1 quform-page-1_1 quform-cf quform-group-style-plain quform-first-page quform-last-page quform-current-page\"><div class=\"quform-child-elements\"><div class=\"quform-element quform-element-row quform-element-row-1_3 quform-2-columns quform-element-row-size-fixed quform-responsive-columns-phone-landscape\"><div class=\"quform-element quform-element-column quform-element-1_4\"><div class=\"quform-element quform-element-text quform-element-1_6 quform-cf quform-labels-inside quform-element-required\"><div class=\"quform-spacer\"><div class=\"quform-label quform-label-1_6\"><label class=\"quform-label-text\" for=\"quform_1_6_784e63\">Ad<span class=\"quform-required\">*<\/span><\/label><\/div><div class=\"quform-inner quform-inner-text quform-inner-1_6\"><div class=\"quform-input quform-input-text quform-input-1_6 quform-cf\"><input type=\"text\" id=\"quform_1_6_784e63\" name=\"quform_1_6\" class=\"quform-field quform-field-text quform-field-1_6\" \/><\/div><\/div><\/div><\/div><\/div><div class=\"quform-element quform-element-column quform-element-1_5\"><div class=\"quform-element quform-element-text quform-element-1_12 quform-cf quform-labels-inside quform-element-required\"><div class=\"quform-spacer\"><div class=\"quform-label quform-label-1_12\"><label class=\"quform-label-text\" for=\"quform_1_12_784e63\">Soyad<span class=\"quform-required\">*<\/span><\/label><\/div><div class=\"quform-inner quform-inner-text quform-inner-1_12\"><div class=\"quform-input quform-input-text quform-input-1_12 quform-cf\"><input type=\"text\" id=\"quform_1_12_784e63\" name=\"quform_1_12\" class=\"quform-field quform-field-text quform-field-1_12\" \/><\/div><\/div><\/div><\/div><\/div><\/div><div class=\"quform-element quform-element-row quform-element-row-1_9 quform-2-columns quform-element-row-size-fixed quform-responsive-columns-phone-landscape\"><div class=\"quform-element quform-element-column quform-element-1_10\"><div class=\"quform-element quform-element-email quform-element-1_8 quform-cf quform-labels-inside quform-element-required\"><div class=\"quform-spacer\"><div class=\"quform-label quform-label-1_8\"><label class=\"quform-label-text\" for=\"quform_1_8_784e63\">E-mail<span class=\"quform-required\">*<\/span><\/label><\/div><div class=\"quform-inner quform-inner-email quform-inner-1_8\"><div class=\"quform-input quform-input-email quform-input-1_8 quform-cf\"><input type=\"email\" id=\"quform_1_8_784e63\" name=\"quform_1_8\" class=\"quform-field quform-field-email quform-field-1_8\" \/><\/div><\/div><\/div><\/div><\/div><div class=\"quform-element quform-element-column quform-element-1_11\"><div class=\"quform-element quform-element-text quform-element-1_13 quform-cf quform-labels-inside quform-element-required\"><div class=\"quform-spacer\"><div class=\"quform-label quform-label-1_13\"><label class=\"quform-label-text\" for=\"quform_1_13_784e63\">Telefon<span class=\"quform-required\">*<\/span><\/label><\/div><div class=\"quform-inner quform-inner-text quform-inner-1_13\"><div class=\"quform-input quform-input-text quform-input-1_13 quform-cf\"><input type=\"text\" id=\"quform_1_13_784e63\" name=\"quform_1_13\" class=\"quform-field quform-field-text quform-field-1_13\" \/><\/div><\/div><\/div><\/div><\/div><\/div><div class=\"quform-element quform-element-row quform-element-row-1_14 quform-2-columns quform-element-row-size-fixed quform-responsive-columns-phone-landscape\"><div class=\"quform-element quform-element-column quform-element-1_15\"><div class=\"quform-element quform-element-text quform-element-1_18 quform-cf quform-labels-inside quform-element-required\"><div class=\"quform-spacer\"><div class=\"quform-label quform-label-1_18\"><label class=\"quform-label-text\" for=\"quform_1_18_784e63\">Adres<span class=\"quform-required\">*<\/span><\/label><\/div><div class=\"quform-inner quform-inner-text quform-inner-1_18\"><div class=\"quform-input quform-input-text quform-input-1_18 quform-cf\"><input type=\"text\" id=\"quform_1_18_784e63\" name=\"quform_1_18\" class=\"quform-field quform-field-text quform-field-1_18\" \/><\/div><\/div><\/div><\/div><\/div><div class=\"quform-element quform-element-column quform-element-1_16\"><div class=\"quform-element quform-element-select quform-element-1_17 quform-cf quform-element-required\"><div class=\"quform-spacer\"><div class=\"quform-inner quform-inner-select quform-inner-1_17\"><div class=\"quform-input quform-input-select quform-input-1_17 quform-cf\"><select id=\"quform_1_17_784e63\" name=\"quform_1_17\" class=\"quform-field quform-field-select quform-field-1_17\"><option value=\"\" selected=\"selected\">\u00dclke<\/option><option value=\"Afganistan\">Afganistan<\/option><option value=\"Albania\">Albania<\/option><option value=\"Cezayir\">Cezayir<\/option><option value=\"Amerikan Samoas\u0131\">Amerikan Samoas\u0131<\/option><option value=\"Andora\">Andora<\/option><option value=\"Angola\">Angola<\/option><option value=\"Anguilla\">Anguilla<\/option><option value=\"Antartika\">Antartika<\/option><option value=\"Antigua ve Barbuda\">Antigua ve Barbuda<\/option><option value=\"Arjantin\">Arjantin<\/option><option value=\"Ermenistan\">Ermenistan<\/option><option value=\"Aruba\">Aruba<\/option><option value=\"Avustralya\">Avustralya<\/option><option value=\"Avusturya\">Avusturya<\/option><option value=\"Azerbaycan\">Azerbaycan<\/option><option value=\"Bahamalar\">Bahamalar<\/option><option value=\"Bahreyn\">Bahreyn<\/option><option value=\"Banglade\u015f\">Banglade\u015f<\/option><option value=\"Barbados\">Barbados<\/option><option value=\"Belarus\">Belarus<\/option><option value=\"Bel\u00e7ika\">Bel\u00e7ika<\/option><option value=\"Belize\">Belize<\/option><option value=\"Benin\">Benin<\/option><option value=\"Bermuda\">Bermuda<\/option><option value=\"Butan\">Butan<\/option><option value=\"Bolivya\">Bolivya<\/option><option value=\"Bosna Hersek\">Bosna Hersek<\/option><option value=\"Botsvana\">Botsvana<\/option><option value=\"Bouvet Adas\u0131\">Bouvet Adas\u0131<\/option><option value=\"Brezilya\">Brezilya<\/option><option value=\"Hint Okyanusu \u0130ngiliz B\u00f6lgesi\">Hint Okyanusu \u0130ngiliz B\u00f6lgesi<\/option><option value=\"Brunei Sultanl\u0131\u011f\u0131\">Brunei Sultanl\u0131\u011f\u0131<\/option><option value=\"Bulgaristan\">Bulgaristan<\/option><option value=\"Burkina Faso\">Burkina Faso<\/option><option value=\"Burundi\">Burundi<\/option><option value=\"Kambo\u00e7ya\">Kambo\u00e7ya<\/option><option value=\"Kamerun\">Kamerun<\/option><option value=\"Kanada\">Kanada<\/option><option value=\"Cape Verde\">Cape Verde<\/option><option value=\"Cayman Adalar\u0131\">Cayman Adalar\u0131<\/option><option value=\"Orta Afrika Cumhuriyeti\">Orta Afrika Cumhuriyeti<\/option><option value=\"\u00c7at\">\u00c7at<\/option><option value=\"\u015eili\">\u015eili<\/option><option value=\"\u00c7in\">\u00c7in<\/option><option value=\"Christmas Adalar\u0131\">Christmas Adalar\u0131<\/option><option value=\"Cocos (Keeling) Adalar\u0131\">Cocos (Keeling) Adalar\u0131<\/option><option value=\"Kolombiya\">Kolombiya<\/option><option value=\"Komorlar\">Komorlar<\/option><option value=\"Kongo\">Kongo<\/option><option value=\"Kongo Demokratik Cumhuriyeti\">Kongo Demokratik Cumhuriyeti<\/option><option value=\"Cook Adalar\u0131\">Cook Adalar\u0131<\/option><option value=\"Kosta Rika\">Kosta Rika<\/option><option value=\"Fildi\u015fi Sahilleri\">Fildi\u015fi Sahilleri<\/option><option value=\"H\u0131rvatistan\">H\u0131rvatistan<\/option><option value=\"K\u00fcba\">K\u00fcba<\/option><option value=\"KKTC\">KKTC<\/option><option value=\"\u00c7ek Cumhuriyeti\">\u00c7ek Cumhuriyeti<\/option><option value=\"Danimarka\">Danimarka<\/option><option value=\"Cibuti\">Cibuti<\/option><option value=\"Dominik\">Dominik<\/option><option value=\"Dominik Cumhuriyeti\">Dominik Cumhuriyeti<\/option><option value=\"Do\u011fu Timor\">Do\u011fu Timor<\/option><option value=\"Ekvator\">Ekvator<\/option><option value=\"M\u0131s\u0131r\">M\u0131s\u0131r<\/option><option value=\"El Salvador\">El Salvador<\/option><option value=\"Ekvator Ginesi\">Ekvator Ginesi<\/option><option value=\"Eritre\">Eritre<\/option><option value=\"Estonya\">Estonya<\/option><option value=\"Etiyopya\">Etiyopya<\/option><option value=\"Falkland Adalar\u0131 (Malvinas)\">Falkland Adalar\u0131 (Malvinas)<\/option><option value=\"Faroe Adalar\u0131\">Faroe Adalar\u0131<\/option><option value=\"Fiji\">Fiji<\/option><option value=\"Finlandiya\">Finlandiya<\/option><option value=\"Fransa\">Fransa<\/option><option value=\"France, Metropolitan\">France, Metropolitan<\/option><option value=\"Frans\u0131z Guyanas\u0131\">Frans\u0131z Guyanas\u0131<\/option><option value=\"Frans\u0131z Polinezyas\u0131\">Frans\u0131z Polinezyas\u0131<\/option><option value=\"Frans\u0131z G\u00fcney B\u00f6lgesi\">Frans\u0131z G\u00fcney B\u00f6lgesi<\/option><option value=\"Gabon\">Gabon<\/option><option value=\"Gambiya\">Gambiya<\/option><option value=\"G\u00fcrcistan\">G\u00fcrcistan<\/option><option value=\"Almanya\">Almanya<\/option><option value=\"Gana\">Gana<\/option><option value=\"Cebelitar\u0131k\">Cebelitar\u0131k<\/option><option value=\"Yunanistan\">Yunanistan<\/option><option value=\"Gr\u00f6nland\">Gr\u00f6nland<\/option><option value=\"Grenada\">Grenada<\/option><option value=\"Guadeloupe\">Guadeloupe<\/option><option value=\"Guam\">Guam<\/option><option value=\"Guatemala\">Guatemala<\/option><option value=\"Gine\">Gine<\/option><option value=\"Gine-Bisav\">Gine-Bisav<\/option><option value=\"Guyana\">Guyana<\/option><option value=\"Haiti\">Haiti<\/option><option value=\"Heard ve Mc Donald adalar\u0131\">Heard ve Mc Donald adalar\u0131<\/option><option value=\"Vatikan\">Vatikan<\/option><option value=\"Honduras\">Honduras<\/option><option value=\"Hong Kong\">Hong Kong<\/option><option value=\"Macaristan\">Macaristan<\/option><option value=\"\u0130zlanda\">\u0130zlanda<\/option><option value=\"Hindistan\">Hindistan<\/option><option value=\"Endonezya\">Endonezya<\/option><option value=\"\u0130ran\">\u0130ran<\/option><option value=\"Irak\">Irak<\/option><option value=\"\u0130rlanda\">\u0130rlanda<\/option><option value=\"\u0130srail Ter\u00f6r Devleti\">\u0130srail Ter\u00f6r Devleti<\/option><option value=\"\u0130talya\">\u0130talya<\/option><option value=\"Jamaika\">Jamaika<\/option><option value=\"Japonya\">Japonya<\/option><option value=\"\u00dcrd\u00fcn\">\u00dcrd\u00fcn<\/option><option value=\"Kazakistan\">Kazakistan<\/option><option value=\"Kenya\">Kenya<\/option><option value=\"Kiribati\">Kiribati<\/option><option value=\"Kore Demokratik Halk Cumhuriyeti\">Kore Demokratik Halk Cumhuriyeti<\/option><option value=\"Kore Cumhuriyeti\">Kore Cumhuriyeti<\/option><option value=\"Kuveyt\">Kuveyt<\/option><option value=\"K\u0131rg\u0131zistan\">K\u0131rg\u0131zistan<\/option><option value=\"Lao Demokratik Halk Cumhuriyeti\">Lao Demokratik Halk Cumhuriyeti<\/option><option value=\"Letonya\">Letonya<\/option><option value=\"L\u00fcbnan\">L\u00fcbnan<\/option><option value=\"Lesoto\">Lesoto<\/option><option value=\"Liberya\">Liberya<\/option><option value=\"Libya Arap Cumhuriyeti\">Libya Arap Cumhuriyeti<\/option><option value=\"Lihten\u015ftayn\">Lihten\u015ftayn<\/option><option value=\"Litvanya\">Litvanya<\/option><option value=\"L\u00fcksemburg\">L\u00fcksemburg<\/option><option value=\"Makao\">Makao<\/option><option value=\"Makedonya, eski Yugoslav Cumhuriyeti\">Makedonya, eski Yugoslav Cumhuriyeti<\/option><option value=\"Madagaskar\">Madagaskar<\/option><option value=\"Malavi\">Malavi<\/option><option value=\"Malezya\">Malezya<\/option><option value=\"Maldivler\">Maldivler<\/option><option value=\"Mali\">Mali<\/option><option value=\"Malta\">Malta<\/option><option value=\"Marshall Adalar\u0131\">Marshall Adalar\u0131<\/option><option value=\"Martinik\">Martinik<\/option><option value=\"Moritanya\">Moritanya<\/option><option value=\"Moritus\">Moritus<\/option><option value=\"Mayot\">Mayot<\/option><option value=\"Meksika\">Meksika<\/option><option value=\"Mikronezya Federal Devletleri\">Mikronezya Federal Devletleri<\/option><option value=\"Moldova Cumhuriyeti\">Moldova Cumhuriyeti<\/option><option value=\"Monako\">Monako<\/option><option value=\"Mo\u011folistan\">Mo\u011folistan<\/option><option value=\"Montserrat\">Montserrat<\/option><option value=\"Fas\">Fas<\/option><option value=\"Mozambik\">Mozambik<\/option><option value=\"Myanmar\">Myanmar<\/option><option value=\"Namibya\">Namibya<\/option><option value=\"Nauru\">Nauru<\/option><option value=\"Nepal\">Nepal<\/option><option value=\"Hollanda\">Hollanda<\/option><option value=\"Hollanda Antilleri\">Hollanda Antilleri<\/option><option value=\"Yeni Kaledonya\">Yeni Kaledonya<\/option><option value=\"Yeni Zelanda\">Yeni Zelanda<\/option><option value=\"Nikaragua\">Nikaragua<\/option><option value=\"Nijer\">Nijer<\/option><option value=\"Nijerya\">Nijerya<\/option><option value=\"Niue\">Niue<\/option><option value=\"Norfolk Adas\u0131\">Norfolk Adas\u0131<\/option><option value=\"Kuzey Mariana Adalar\u0131\">Kuzey Mariana Adalar\u0131<\/option><option value=\"Norve\u00e7\">Norve\u00e7<\/option><option value=\"Umman\">Umman<\/option><option value=\"Pakistan\">Pakistan<\/option><option value=\"Palau\">Palau<\/option><option value=\"Panama\">Panama<\/option><option value=\"Papua Yeni Gine\">Papua Yeni Gine<\/option><option value=\"Paraguay\">Paraguay<\/option><option value=\"Peru\">Peru<\/option><option value=\"Filipinler\">Filipinler<\/option><option value=\"Pitcairn\">Pitcairn<\/option><option value=\"Polanya\">Polanya<\/option><option value=\"Portekiz\">Portekiz<\/option><option value=\"Puerto Rico\">Puerto Rico<\/option><option value=\"Katar\">Katar<\/option><option value=\"Birle\u015fme\">Birle\u015fme<\/option><option value=\"Romanya\">Romanya<\/option><option value=\"Rusya Federasyonu\">Rusya Federasyonu<\/option><option value=\"Rwanda\">Rwanda<\/option><option value=\"Saint Kitts And Nevis\">Saint Kitts And Nevis<\/option><option value=\"Saint Lucia\">Saint Lucia<\/option><option value=\"Saint Vincent ve Grenadinler\">Saint Vincent ve Grenadinler<\/option><option value=\"Samoa\">Samoa<\/option><option value=\"San Marino\">San Marino<\/option><option value=\"Sao Tome ve Principe\">Sao Tome ve Principe<\/option><option value=\"Suudi Arabistan\">Suudi Arabistan<\/option><option value=\"Senegal\">Senegal<\/option><option value=\"Sey\u015fel Adalar\u0131\">Sey\u015fel Adalar\u0131<\/option><option value=\"Sierra Leone\">Sierra Leone<\/option><option value=\"Singapur\">Singapur<\/option><option value=\"Slovakya (Slovakya Cumhuriyeti)\">Slovakya (Slovakya Cumhuriyeti)<\/option><option value=\"Slovenya\">Slovenya<\/option><option value=\"Solomon Adalar\u0131\">Solomon Adalar\u0131<\/option><option value=\"Somali\">Somali<\/option><option value=\"G\u00fcney Afrika\">G\u00fcney Afrika<\/option><option value=\"G\u00fcney Georgia ve G\u00fcney Sandwich Adalar\u0131\">G\u00fcney Georgia ve G\u00fcney Sandwich Adalar\u0131<\/option><option value=\"\u0130spanya\">\u0130spanya<\/option><option value=\"Sri Lanka\">Sri Lanka<\/option><option value=\"St. Helena\">St. Helena<\/option><option value=\"St. Pierre And Miquelon\">St. Pierre And Miquelon<\/option><option value=\"Sudan\">Sudan<\/option><option value=\"Surinam\">Surinam<\/option><option value=\"Svalbard ve Jan Mayen Adalar\u0131\">Svalbard ve Jan Mayen Adalar\u0131<\/option><option value=\"Swaziland\">Swaziland<\/option><option value=\"\u0130sve\u00e7\">\u0130sve\u00e7<\/option><option value=\"\u0130svi\u00e7re\">\u0130svi\u00e7re<\/option><option value=\"Suriye Arap Cumhuriyeti\">Suriye Arap Cumhuriyeti<\/option><option value=\"Tayvan\">Tayvan<\/option><option value=\"Tacikistan\">Tacikistan<\/option><option value=\"Tanzanya Birle\u015fik Cumhuriyeti\">Tanzanya Birle\u015fik Cumhuriyeti<\/option><option value=\"Tayland\">Tayland<\/option><option value=\"Togo\">Togo<\/option><option value=\"Tokelau\">Tokelau<\/option><option value=\"Tonga\">Tonga<\/option><option value=\"Trinidad ve Tobago\">Trinidad ve Tobago<\/option><option value=\"Tunus\">Tunus<\/option><option value=\"T\u00fcrkiye\">T\u00fcrkiye<\/option><option value=\"Turkmenistan\">Turkmenistan<\/option><option value=\"Turks ve Caicos Adalar\u0131\">Turks ve Caicos Adalar\u0131<\/option><option value=\"Tuvalu\">Tuvalu<\/option><option value=\"Uganda\">Uganda<\/option><option value=\"Ukrayna\">Ukrayna<\/option><option value=\"Birle\u015fik Arap Emirlikleri\">Birle\u015fik Arap Emirlikleri<\/option><option value=\"Birle\u015fik Krall\u0131k\">Birle\u015fik Krall\u0131k<\/option><option value=\"ABD\">ABD<\/option><option value=\"Birle\u015fik Devletler K\u00fc\u00e7\u00fck D\u0131\u015f Adalar\u0131\">Birle\u015fik Devletler K\u00fc\u00e7\u00fck D\u0131\u015f Adalar\u0131<\/option><option value=\"Uruguay\">Uruguay<\/option><option value=\"\u00d6zbekistan\">\u00d6zbekistan<\/option><option value=\"Vanuatu\">Vanuatu<\/option><option value=\"Venezuella \">Venezuella <\/option><option value=\"Vietnam\">Vietnam<\/option><option value=\"Virgin Adalar\u0131 (\u0130ngiliz)\">Virgin Adalar\u0131 (\u0130ngiliz)<\/option><option value=\"Virgin Adalar\u0131 (ABD)\">Virgin Adalar\u0131 (ABD)<\/option><option value=\"Wallis ve Futuna Adalar\u0131\">Wallis ve Futuna Adalar\u0131<\/option><option value=\"Western Sahara\">Western Sahara<\/option><option value=\"Yemen\">Yemen<\/option><option value=\"Yugoslavya\">Yugoslavya<\/option><option value=\"Zambiya\">Zambiya<\/option><option value=\"Zimbabve\">Zimbabve<\/option><\/select><\/div><\/div><\/div><\/div><\/div><\/div><div class=\"quform-element quform-element-textarea quform-element-1_19 quform-cf quform-labels-inside quform-element-required\"><div class=\"quform-spacer\"><div class=\"quform-label quform-label-1_19\"><label class=\"quform-label-text\" for=\"quform_1_19_784e63\">Mesaj\u0131n\u0131z<span class=\"quform-required\">*<\/span><\/label><\/div><div class=\"quform-inner quform-inner-textarea quform-inner-1_19\"><div class=\"quform-input quform-input-textarea quform-input-1_19 quform-cf\"><textarea id=\"quform_1_19_784e63\" name=\"quform_1_19\" class=\"quform-field quform-field-textarea quform-field-1_19\"><\/textarea><\/div><\/div><\/div><\/div><div class=\"quform-element quform-element-submit quform-element-1_2 quform-cf quform-button-style-pills quform-button-size-medium\"><div class=\"quform-button-submit quform-button-submit-default quform-button-submit-1_2\" data-animation=\"two\"><button name=\"quform_submit\" type=\"submit\" class=\"quform-submit\" value=\"submit\"><span class=\"quform-button-text quform-button-submit-text\">G\u00f6nder<\/span><\/button><\/div><div class=\"quform-loading quform-loading-position-left quform-loading-type-spinner-1\"><div class=\"quform-loading-inner\"><div class=\"quform-loading-spinner\"><div class=\"quform-loading-spinner-inner\"><\/div><\/div><\/div><\/div><\/div><div class=\"quform-element-tree\"><label for=\"quform_1_0_784e63\">Bu alan bo\u015f b\u0131rak\u0131lmal\u0131d\u0131r<\/label><input type=\"text\" id=\"quform_1_0_784e63\" name=\"quform_1_0\" class=\"quform-field quform-field-tree quform-field-1_0\" tabindex=\"-1\" autocomplete=\"off\" \/><\/div><\/div><\/div><\/div><\/div><\/form><\/div><\/div>\n\t\t\t\t<\/div>\n\t\t\t\t<\/div>\n\t\t\t\t\t<\/div>\n\t\t<\/div>\n\t\t\t\t\t\t\t<\/div>\n\t\t<\/section>\n\t\t\t\t\t\t\t<\/div>\n\t\t","protected":false},"excerpt":{"rendered":"<p>G\u00f6n\u00fcll\u00fc Ol G\u00f6n\u00fcll\u00fc ekibimizin y\u00fcr\u00fctt\u00fc\u011f\u00fc projelerde kat\u0131l\u0131mc\u0131 olabilir, sosyal sorumluluk projesine d\u00f6n\u00fc\u015fmesine katk\u0131 sa\u011flayabilirsiniz. G\u00f6n\u00fcll\u00fc olmak i\u00e7in bizimle form veya telefon, mail \u00fczerinden ileti\u015fime ge\u00e7ebilirsiniz. +49 2325 &#8211; 99 28 027 +49 176 &#8211; 22 33 58 10 info@murad-ev.de<\/p>\n","protected":false},"author":1,"featured_media":0,"parent":0,"menu_order":0,"comment_status":"closed","ping_status":"closed","template":"","meta":{"footnotes":""},"_links":{"self":[{"href":"https:\/\/murad-ev.de\/tr\/wp-json\/wp\/v2\/pages\/9031"}],"collection":[{"href":"https:\/\/murad-ev.de\/tr\/wp-json\/wp\/v2\/pages"}],"about":[{"href":"https:\/\/murad-ev.de\/tr\/wp-json\/wp\/v2\/types\/page"}],"author":[{"embeddable":true,"href":"https:\/\/murad-ev.de\/tr\/wp-json\/wp\/v2\/users\/1"}],"replies":[{"embeddable":true,"href":"https:\/\/murad-ev.de\/tr\/wp-json\/wp\/v2\/comments?post=9031"}],"version-history":[{"count":38,"href":"https:\/\/murad-ev.de\/tr\/wp-json\/wp\/v2\/pages\/9031\/revisions"}],"predecessor-version":[{"id":10013,"href":"https:\/\/murad-ev.de\/tr\/wp-json\/wp\/v2\/pages\/9031\/revisions\/10013"}],"wp:attachment":[{"href":"https:\/\/murad-ev.de\/tr\/wp-json\/wp\/v2\/media?parent=9031"}],"curies":[{"name":"wp","href":"https:\/\/api.w.org\/{rel}","templated":true}]}}