{"id":8956,"date":"2023-07-10T14:21:36","date_gmt":"2023-07-10T14:21:36","guid":{"rendered":"https:\/\/murad-ev.de\/tr\/?page_id=8956"},"modified":"2023-09-20T11:44:12","modified_gmt":"2023-09-20T11:44:12","slug":"biz-kimiz","status":"publish","type":"page","link":"https:\/\/murad-ev.de\/tr\/biz-kimiz\/","title":{"rendered":"Biz Kimiz"},"content":{"rendered":"\t\t<div data-elementor-type=\"wp-page\" data-elementor-id=\"8956\" class=\"elementor elementor-8956\" data-elementor-post-type=\"page\">\n\t\t\t\t\t\t\t\t\t<section class=\"elementor-section elementor-top-section elementor-element elementor-element-0f8490d elementor-section-full_width elementor-section-stretched elementor-section-height-default elementor-section-height-default\" data-id=\"0f8490d\" data-element_type=\"section\" data-settings=\"{&quot;stretch_section&quot;:&quot;section-stretched&quot;,&quot;background_background&quot;:&quot;classic&quot;}\">\n\t\t\t\t\t\t<div class=\"elementor-container elementor-column-gap-default\">\n\t\t\t\t\t<div class=\"elementor-column elementor-col-100 elementor-top-column elementor-element elementor-element-1329935\" data-id=\"1329935\" data-element_type=\"column\">\n\t\t\t<div class=\"elementor-widget-wrap elementor-element-populated\">\n\t\t\t\t\t\t\t\t<div class=\"elementor-element elementor-element-4aff0f8 elementor-widget elementor-widget-heading\" data-id=\"4aff0f8\" data-element_type=\"widget\" data-widget_type=\"heading.default\">\n\t\t\t\t<div class=\"elementor-widget-container\">\n\t\t\t<h2 class=\"elementor-heading-title elementor-size-default\">Biz Kimiz?<\/h2>\t\t<\/div>\n\t\t\t\t<\/div>\n\t\t\t\t\t<\/div>\n\t\t<\/div>\n\t\t\t\t\t\t\t<\/div>\n\t\t<\/section>\n\t\t\t\t<section class=\"elementor-section elementor-top-section elementor-element elementor-element-31274a0 elementor-section-boxed elementor-section-height-default elementor-section-height-default\" data-id=\"31274a0\" data-element_type=\"section\" data-settings=\"{&quot;background_background&quot;:&quot;classic&quot;}\">\n\t\t\t\t\t\t<div class=\"elementor-container elementor-column-gap-default\">\n\t\t\t\t\t<div class=\"elementor-column elementor-col-100 elementor-top-column elementor-element elementor-element-5762d40\" data-id=\"5762d40\" data-element_type=\"column\">\n\t\t\t<div class=\"elementor-widget-wrap elementor-element-populated\">\n\t\t\t\t\t\t\t\t<div class=\"elementor-element elementor-element-25246bb elementor-widget elementor-widget-image\" data-id=\"25246bb\" data-element_type=\"widget\" data-widget_type=\"image.default\">\n\t\t\t\t<div class=\"elementor-widget-container\">\n\t\t\t\t\t\t\t\t\t\t\t\t\t\t\t<img decoding=\"async\" loading=\"lazy\" width=\"1024\" height=\"432\" src=\"https:\/\/murad-ev.de\/tr\/wp-content\/uploads\/revslider\/home-1\/home-1_slider-1_21-1024x432.jpg\" class=\"attachment-large size-large wp-image-8580\" alt=\"\" srcset=\"https:\/\/murad-ev.de\/tr\/wp-content\/uploads\/revslider\/home-1\/home-1_slider-1_21-1024x432.jpg 1024w, https:\/\/murad-ev.de\/tr\/wp-content\/uploads\/revslider\/home-1\/home-1_slider-1_21-300x127.jpg 300w, https:\/\/murad-ev.de\/tr\/wp-content\/uploads\/revslider\/home-1\/home-1_slider-1_21-768x324.jpg 768w, https:\/\/murad-ev.de\/tr\/wp-content\/uploads\/revslider\/home-1\/home-1_slider-1_21-1536x649.jpg 1536w, https:\/\/murad-ev.de\/tr\/wp-content\/uploads\/revslider\/home-1\/home-1_slider-1_21-2048x865.jpg 2048w\" sizes=\"(max-width: 1024px) 100vw, 1024px\" \/>\t\t\t\t\t\t\t\t\t\t\t\t\t\t\t<\/div>\n\t\t\t\t<\/div>\n\t\t\t\t\t<\/div>\n\t\t<\/div>\n\t\t\t\t\t\t\t<\/div>\n\t\t<\/section>\n\t\t\t\t<section class=\"elementor-section elementor-top-section elementor-element elementor-element-5c213356 elementor-section-content-top elementor-section-boxed elementor-section-height-default elementor-section-height-default\" data-id=\"5c213356\" data-element_type=\"section\" data-settings=\"{&quot;background_background&quot;:&quot;classic&quot;}\">\n\t\t\t\t\t\t\t<div class=\"elementor-background-overlay\"><\/div>\n\t\t\t\t\t\t\t<div class=\"elementor-container elementor-column-gap-default\">\n\t\t\t\t\t<div class=\"elementor-column elementor-col-50 elementor-top-column elementor-element elementor-element-40f10420\" data-id=\"40f10420\" data-element_type=\"column\">\n\t\t\t<div class=\"elementor-widget-wrap elementor-element-populated\">\n\t\t\t\t\t\t\t\t<div class=\"elementor-element elementor-element-2584ca2a elementor-widget elementor-widget-heading\" data-id=\"2584ca2a\" data-element_type=\"widget\" data-widget_type=\"heading.default\">\n\t\t\t\t<div class=\"elementor-widget-container\">\n\t\t\t<h2 class=\"elementor-heading-title elementor-size-default\">\"B\u0130Z K\u0130M\u0130Z ?<\/h2>\t\t<\/div>\n\t\t\t\t<\/div>\n\t\t\t\t<div class=\"elementor-element elementor-element-7e805c95 elementor-widget elementor-widget-text-editor\" data-id=\"7e805c95\" data-element_type=\"widget\" data-widget_type=\"text-editor.default\">\n\t\t\t\t<div class=\"elementor-widget-container\">\n\t\t\t\t\t\t\t<p>Murad Yard\u0131m Organizasyonu, kar amac\u0131 g\u00fctmeyen bir kurulu\u015fdur. (Gemeinn\u00fctzige Organisation \u2013 Nichtregierungsorganisation)<\/p><p>Derne\u011fimiz, g\u00f6n\u00fcll\u00fclerimiz ve destek\u00e7ileri, d\u00fcnyan\u0131n neresinde olursa olsun, yoksulluk ve a\u00e7l\u0131kla m\u00fccadelede ihtiyac\u0131 olanlara destek vermek amac\u0131yla bir araya gelmektedir.<\/p><p>Demografik kimli\u011fine bak\u0131lmaks\u0131z\u0131n,insanl\u0131\u011f\u0131n temel ihtiya\u00e7lar\u0131n\u0131 kar\u015f\u0131lamak, milletler aras\u0131nda k\u00f6pr\u00fcler kurmak, uzun soluklu projelerle sorunlara kal\u0131c\u0131 \u00e7\u00f6z\u00fcmler \u00fcretmek, gelecek nesillere iyi bir d\u00fcnya b\u0131rakmak ve daha huzurlu bir gelecek in\u015fa etmek amac\u0131n\u0131 kendimize gaye edindik.<\/p><p>Yeterli e\u011fitimi alamayan her \u00e7ocu\u011fa e\u011fitim deste\u011fi, kimsesiz yetime aile ve gelecek, temiz i\u00e7me suyu ihtiyac\u0131 olana bir damla su, a\u00e7 olana g\u0131da, yoksula derman, hastaya sa\u011fl\u0131k ve \u015fifa olmak i\u00e7in \u00e7\u0131kt\u0131k yola.<\/p><p>\u0130nsan\u0131 yard\u0131m organizasyonlar\u0131m\u0131zda sizlerle hareket etmek istiyor, faaliyet ve giri\u015fimlerimizde g\u00f6n\u00fcll\u00fcler yada ba\u011f\u0131\u015f\u00e7\u0131lar olman\u0131z\u0131 arzu ediyoruz. \u0130htiyac\u0131 olanlara yard\u0131m elini birlikte uzatabilir, d\u00fcnyay\u0131 daha iyi hale getirebiliriz.&#8221;<\/p>\t\t\t\t\t\t<\/div>\n\t\t\t\t<\/div>\n\t\t\t\t<div class=\"elementor-element elementor-element-31de1af7 elementor-widget elementor-widget-button\" data-id=\"31de1af7\" data-element_type=\"widget\" data-widget_type=\"button.default\">\n\t\t\t\t<div class=\"elementor-widget-container\">\n\t\t\t\t\t<div class=\"elementor-button-wrapper\">\n\t\t\t<a class=\"elementor-button elementor-button-link elementor-size-sm\" href=\"https:\/\/murad-ev.de\/tr\/iletisim\/#iletisimform\">\n\t\t\t\t\t\t<span class=\"elementor-button-content-wrapper\">\n\t\t\t\t\t\t<span class=\"elementor-button-text\">\u0130leti\u015fime Ge\u00e7in<\/span>\n\t\t<\/span>\n\t\t\t\t\t<\/a>\n\t\t<\/div>\n\t\t\t\t<\/div>\n\t\t\t\t<\/div>\n\t\t\t\t\t<\/div>\n\t\t<\/div>\n\t\t\t\t<div class=\"elementor-column elementor-col-50 elementor-top-column elementor-element elementor-element-7ae447d0\" data-id=\"7ae447d0\" data-element_type=\"column\" data-settings=\"{&quot;background_background&quot;:&quot;classic&quot;}\">\n\t\t\t<div class=\"elementor-widget-wrap elementor-element-populated\">\n\t\t\t\t\t\t\t\t<div class=\"elementor-element elementor-element-308b1c1 elementor-widget elementor-widget-image\" data-id=\"308b1c1\" data-element_type=\"widget\" data-widget_type=\"image.default\">\n\t\t\t\t<div class=\"elementor-widget-container\">\n\t\t\t\t\t\t\t\t\t\t\t\t\t\t\t<img decoding=\"async\" loading=\"lazy\" width=\"451\" height=\"542\" src=\"https:\/\/murad-ev.de\/tr\/wp-content\/uploads\/2023\/07\/590x600_Alt-ikili-min.png\" class=\"attachment-large size-large wp-image-9797\" alt=\"\" srcset=\"https:\/\/murad-ev.de\/tr\/wp-content\/uploads\/2023\/07\/590x600_Alt-ikili-min.png 451w, https:\/\/murad-ev.de\/tr\/wp-content\/uploads\/2023\/07\/590x600_Alt-ikili-min-250x300.png 250w\" sizes=\"(max-width: 451px) 100vw, 451px\" \/>\t\t\t\t\t\t\t\t\t\t\t\t\t\t\t<\/div>\n\t\t\t\t<\/div>\n\t\t\t\t\t<\/div>\n\t\t<\/div>\n\t\t\t\t\t\t\t<\/div>\n\t\t<\/section>\n\t\t\t\t<section class=\"elementor-section elementor-top-section elementor-element elementor-element-671b9686 elementor-section-full_width elementor-section-height-default elementor-section-height-default\" data-id=\"671b9686\" data-element_type=\"section\" data-settings=\"{&quot;background_background&quot;:&quot;classic&quot;}\">\n\t\t\t\t\t\t<div class=\"elementor-container elementor-column-gap-default\">\n\t\t\t\t\t<div class=\"elementor-column elementor-col-100 elementor-top-column elementor-element elementor-element-2bcca675\" data-id=\"2bcca675\" data-element_type=\"column\">\n\t\t\t<div class=\"elementor-widget-wrap elementor-element-populated\">\n\t\t\t\t\t\t\t\t<div class=\"elementor-element elementor-element-23429194 elementor-widget elementor-widget-image\" data-id=\"23429194\" data-element_type=\"widget\" data-widget_type=\"image.default\">\n\t\t\t\t<div class=\"elementor-widget-container\">\n\t\t\t\t\t\t\t\t\t\t\t\t\t\t\t<img decoding=\"async\" loading=\"lazy\" width=\"1600\" height=\"154\" src=\"https:\/\/murad-ev.de\/tr\/wp-content\/uploads\/2023\/07\/maradiniz.png\" class=\"attachment-full size-full wp-image-8903\" alt=\"\" srcset=\"https:\/\/murad-ev.de\/tr\/wp-content\/uploads\/2023\/07\/maradiniz.png 1600w, https:\/\/murad-ev.de\/tr\/wp-content\/uploads\/2023\/07\/maradiniz-300x29.png 300w, https:\/\/murad-ev.de\/tr\/wp-content\/uploads\/2023\/07\/maradiniz-1024x99.png 1024w, https:\/\/murad-ev.de\/tr\/wp-content\/uploads\/2023\/07\/maradiniz-768x74.png 768w, https:\/\/murad-ev.de\/tr\/wp-content\/uploads\/2023\/07\/maradiniz-1536x148.png 1536w\" sizes=\"(max-width: 1600px) 100vw, 1600px\" \/>\t\t\t\t\t\t\t\t\t\t\t\t\t\t\t<\/div>\n\t\t\t\t<\/div>\n\t\t\t\t\t<\/div>\n\t\t<\/div>\n\t\t\t\t\t\t\t<\/div>\n\t\t<\/section>\n\t\t\t\t\t\t\t<\/div>\n\t\t","protected":false},"excerpt":{"rendered":"<p>Biz Kimiz? &#8220;B\u0130Z K\u0130M\u0130Z ? Murad Yard\u0131m Organizasyonu, kar amac\u0131 g\u00fctmeyen bir kurulu\u015fdur. (Gemeinn\u00fctzige Organisation \u2013 Nichtregierungsorganisation) Derne\u011fimiz, g\u00f6n\u00fcll\u00fclerimiz ve destek\u00e7ileri, d\u00fcnyan\u0131n neresinde olursa olsun, yoksulluk ve a\u00e7l\u0131kla m\u00fccadelede ihtiyac\u0131 olanlara destek vermek amac\u0131yla bir araya gelmektedir. Demografik kimli\u011fine bak\u0131lmaks\u0131z\u0131n,insanl\u0131\u011f\u0131n temel ihtiya\u00e7lar\u0131n\u0131 kar\u015f\u0131lamak, milletler aras\u0131nda k\u00f6pr\u00fcler kurmak, uzun soluklu projelerle sorunlara kal\u0131c\u0131 \u00e7\u00f6z\u00fcmler \u00fcretmek, gelecek [&hellip;]<\/p>\n","protected":false},"author":1,"featured_media":0,"parent":0,"menu_order":0,"comment_status":"closed","ping_status":"closed","template":"","meta":{"footnotes":""},"_links":{"self":[{"href":"https:\/\/murad-ev.de\/tr\/wp-json\/wp\/v2\/pages\/8956"}],"collection":[{"href":"https:\/\/murad-ev.de\/tr\/wp-json\/wp\/v2\/pages"}],"about":[{"href":"https:\/\/murad-ev.de\/tr\/wp-json\/wp\/v2\/types\/page"}],"author":[{"embeddable":true,"href":"https:\/\/murad-ev.de\/tr\/wp-json\/wp\/v2\/users\/1"}],"replies":[{"embeddable":true,"href":"https:\/\/murad-ev.de\/tr\/wp-json\/wp\/v2\/comments?post=8956"}],"version-history":[{"count":56,"href":"https:\/\/murad-ev.de\/tr\/wp-json\/wp\/v2\/pages\/8956\/revisions"}],"predecessor-version":[{"id":10083,"href":"https:\/\/murad-ev.de\/tr\/wp-json\/wp\/v2\/pages\/8956\/revisions\/10083"}],"wp:attachment":[{"href":"https:\/\/murad-ev.de\/tr\/wp-json\/wp\/v2\/media?parent=8956"}],"curies":[{"name":"wp","href":"https:\/\/api.w.org\/{rel}","templated":true}]}}